{"id":54,"date":"2020-05-21T16:50:53","date_gmt":"2020-05-21T19:50:53","guid":{"rendered":"http:\/\/labaldecypires.web76115.kinghost.net\/?page_id=54"},"modified":"2020-08-17T16:19:14","modified_gmt":"2020-08-17T19:19:14","slug":"contato","status":"publish","type":"page","link":"https:\/\/www.laboclinlaboratorio.com.br\/inicio\/contato\/","title":{"rendered":"CONTATO"},"content":{"rendered":"<div class=\"fusion-fullwidth fullwidth-box fusion-builder-row-1 fusion-flex-container nonhundred-percent-fullwidth non-hundred-percent-height-scrolling\" style=\"background-color: rgba(255,255,255,0);background-position: center center;background-repeat: no-repeat;border-width: 0px 0px 0px 0px;border-color:#e2e2e2;border-style:solid;\" ><div class=\"fusion-builder-row fusion-row fusion-flex-align-items-flex-start\" style=\"max-width:1352px;margin-left: calc(-4% \/ 2 );margin-right: calc(-4% \/ 2 );\"><div class=\"fusion-layout-column fusion_builder_column fusion-builder-column-0 fusion_builder_column_1_2 1_2 fusion-flex-column\"><div class=\"fusion-column-wrapper fusion-flex-justify-content-flex-start fusion-content-layout-column\" style=\"background-position:left top;background-repeat:no-repeat;-webkit-background-size:cover;-moz-background-size:cover;-o-background-size:cover;background-size:cover;padding: 0px 0px 0px 0px;\"><div class=\"fusion-text fusion-text-1\" style=\"transform:translate3d(0,0,0);\"><h4><strong>Fale Conosco<\/strong><\/h4>\n<\/div><div class=\"fusion-separator fusion-full-width-sep\" style=\"align-self: center;margin-left: auto;margin-right: auto;margin-top:20px;width:100%;\"><\/div><div class=\"fusion-text fusion-text-2\" style=\"transform:translate3d(0,0,0);\"><p>D\u00favidas, cr\u00edticas, sugest\u00f5es ? Mande-nos um e-mail,<br \/>\nsua opini\u00e3o \u00e9 muito importante:<\/p>\n<\/div><div class=\"fusion-separator fusion-full-width-sep\" style=\"align-self: center;margin-left: auto;margin-right: auto;margin-top:10px;width:100%;\"><\/div><div role=\"form\" class=\"wpcf7\" id=\"wpcf7-f4-o1\" lang=\"pt-BR\" dir=\"ltr\">\n<div class=\"screen-reader-response\"><p role=\"status\" aria-live=\"polite\" aria-atomic=\"true\"><\/p> <ul><\/ul><\/div>\n<form action=\"\/inicio\/wp-json\/wp\/v2\/pages\/54#wpcf7-f4-o1\" method=\"post\" class=\"wpcf7-form init\" novalidate=\"novalidate\" data-status=\"init\">\n<div style=\"display: none;\">\n<input type=\"hidden\" name=\"_wpcf7\" value=\"4\" \/>\n<input type=\"hidden\" name=\"_wpcf7_version\" value=\"5.3.2\" \/>\n<input type=\"hidden\" name=\"_wpcf7_locale\" value=\"pt_BR\" \/>\n<input type=\"hidden\" name=\"_wpcf7_unit_tag\" value=\"wpcf7-f4-o1\" \/>\n<input type=\"hidden\" name=\"_wpcf7_container_post\" value=\"0\" \/>\n<input type=\"hidden\" name=\"_wpcf7_posted_data_hash\" value=\"\" \/>\n<\/div>\n<p><label><br \/>\n    <span class=\"wpcf7-form-control-wrap your-name\"><input type=\"text\" name=\"your-name\" value=\"\" size=\"40\" class=\"wpcf7-form-control wpcf7-text wpcf7-validates-as-required\" aria-required=\"true\" aria-invalid=\"false\" placeholder=\"Nome\" \/><\/span> <\/label><\/p>\n<p><label><br \/>\n    <span class=\"wpcf7-form-control-wrap your-email\"><input type=\"email\" name=\"your-email\" value=\"\" size=\"40\" class=\"wpcf7-form-control wpcf7-text wpcf7-email wpcf7-validates-as-required wpcf7-validates-as-email\" aria-required=\"true\" aria-invalid=\"false\" placeholder=\"E-mail\" \/><\/span> <\/label><\/p>\n<p><label><br \/>\n    <span class=\"wpcf7-form-control-wrap your-subject\"><input type=\"text\" name=\"your-subject\" value=\"\" size=\"40\" class=\"wpcf7-form-control wpcf7-text\" aria-invalid=\"false\" placeholder=\"Assunto\" \/><\/span> <\/label><\/p>\n<p><label><br \/>\n    <span class=\"wpcf7-form-control-wrap your-message\"><textarea name=\"your-message\" cols=\"40\" rows=\"10\" class=\"wpcf7-form-control wpcf7-textarea\" aria-invalid=\"false\" placeholder=\"Mensagem\"><\/textarea><\/span> <\/label><\/p>\n<p><input type=\"submit\" value=\"Enviar\" class=\"wpcf7-form-control wpcf7-submit\" \/><\/p>\n<div class=\"fusion-alert alert custom alert-custom fusion-alert-center wpcf7-response-output alert-dismissable\" style=\"border-width:1px;\"><button type=\"button\" class=\"close toggle-alert\" data-dismiss=\"alert\" aria-hidden=\"true\">&times;<\/button><div class=\"fusion-alert-content-wrapper\"><span class=\"fusion-alert-content\"><\/span><\/div><\/div><\/form><\/div><\/div><\/div><style type=\"text\/css\">.fusion-body .fusion-builder-column-0{width:50% !important;margin-top : 0px;margin-bottom : 20px;}.fusion-builder-column-0 > .fusion-column-wrapper {padding-top : 0px !important;padding-right : 0px !important;margin-right : 3.84%;padding-bottom : 0px !important;padding-left : 0px !important;margin-left : 3.84%;}@media only screen and (max-width:1024px) {.fusion-body .fusion-builder-column-0{width:50% !important;}.fusion-builder-column-0 > .fusion-column-wrapper {margin-right : 3.84%;margin-left : 3.84%;}}@media only screen and (max-width:640px) {.fusion-body .fusion-builder-column-0{width:100% !important;}.fusion-builder-column-0 > .fusion-column-wrapper {margin-right : 1.92%;margin-left : 1.92%;}}<\/style><div class=\"fusion-layout-column fusion_builder_column fusion-builder-column-1 fusion_builder_column_1_2 1_2 fusion-flex-column\"><div class=\"fusion-column-wrapper fusion-flex-justify-content-flex-start fusion-content-layout-column\" style=\"background-position:left top;background-repeat:no-repeat;-webkit-background-size:cover;-moz-background-size:cover;-o-background-size:cover;background-size:cover;padding: 0px 0px 0px 0px;\"><div class=\"fusion-text fusion-text-3\" style=\"transform:translate3d(0,0,0);\"><h4><strong>Contato<\/strong><\/h4>\n<\/div><div class=\"fusion-text fusion-text-4\" style=\"transform:translate3d(0,0,0);\"><p><strong>Unidade Afonso Cl\u00e1udio<br \/>\n<\/strong><span style=\"font-weight: 400;\">Rua Jos\u00e9 Giestas, 130 &#8211; Centro<br \/>\n<\/span><span style=\"font-weight: 400;\">Afonso Cl\u00e1udio-ES<\/span><\/p>\n<p><span style=\"font-weight: 400;\"><strong>Telefone:<\/strong> (27) 3735-3491<\/span><\/p>\n<p><span style=\"font-weight: 400;\"><strong>E-mail:<\/strong> laboclin.ac@gmail.com<\/span><\/p>\n<p><strong>Atendimento<\/strong><br \/>\nSegunda \u00e0 sexta de 7:00hs \u00a0\u00e0s 17:00hs<br \/>\nS\u00e1bado: 7:00hs \u00e0s 12:00hs<\/p>\n<hr \/>\n<p><b>Unidade Venda Nova do Imigrante<br \/>\n<\/b><span style=\"font-weight: 400;\">Av. Lorenzo Zandonadi , 261<br \/>\n<\/span><span style=\"font-weight: 400;\">Vila Bet\u00e2nea<\/span><\/p>\n<p><span style=\"font-weight: 400;\"><strong>Telefone:<\/strong> (28) 3546-3327<\/span><\/p>\n<p><span style=\"font-weight: 400;\"><strong>E-mail:<\/strong> laboclin.ac@gmail.com<\/span><\/p>\n<p><strong>Atendimento<\/strong><br \/>\nSegunda \u00e0 sexta de 7:00hs \u00a0\u00e0s 17:00hs<\/p>\n<hr \/>\n<p><b>Unidade Pedra Azul<br \/>\n<\/b><span style=\"font-weight: 400;\">Rua Canal, 206, Arac\u00ea Pedra Azul &#8211;<br \/>\n<\/span><span style=\"font-weight: 400;\">Domingos Martins\/ ES<\/span><\/p>\n<p><span style=\"font-weight: 400;\"><strong>Telefone:<\/strong> (27) 99832-3890<\/span><\/p>\n<p><strong>Atendimento<\/strong><br \/>\nSegunda \u00e0 sexta de 7:00hs \u00a0\u00e0s 17:00hs<\/p>\n<hr \/>\n<p><b>Unidade S\u00e3o Jo\u00e3o\u00a0do Garraf\u00e3o<\/b><br \/>\nRua Fredolino Jacobson, 69, S\u00e3o Jo\u00e3o do Garraf\u00e3o<br \/>\n\u2013 Santa Maria de Jetib\u00e1\/ES<\/p>\n<p><strong>Telefone:<\/strong><br \/>\n(27) 99500-3491<\/p>\n<p><strong>Atendimento:<\/strong><br \/>\nSegunda \u00e0 sexta de 7:00hs \u00a0\u00e0s 16:00hs<\/p>\n<hr \/>\n<p><strong>Unidade Serra Pelada<br \/>\n<\/strong>Avenida Waldemiro Anita, 71,<br \/>\nSerra Pelada \u2013 Afonso Claudio\/ES<\/p>\n<p><strong>Telefone:<\/strong><br \/>\n(27) 99969-3491<\/p>\n<p><strong>Atendimento:<\/strong><br \/>\nSegunda \u00e0 sexta de 7:00hs \u00a0\u00e0s 11:00hs<\/p>\n<\/div><\/div><\/div><style type=\"text\/css\">.fusion-body .fusion-builder-column-1{width:50% !important;margin-top : 0px;margin-bottom : 20px;}.fusion-builder-column-1 > .fusion-column-wrapper {padding-top : 0px !important;padding-right : 0px !important;margin-right : 3.84%;padding-bottom : 0px !important;padding-left : 0px !important;margin-left : 3.84%;}@media only screen and (max-width:1024px) {.fusion-body .fusion-builder-column-1{width:50% !important;}.fusion-builder-column-1 > .fusion-column-wrapper {margin-right : 3.84%;margin-left : 3.84%;}}@media only screen and (max-width:640px) {.fusion-body .fusion-builder-column-1{width:100% !important;}.fusion-builder-column-1 > .fusion-column-wrapper {margin-right : 1.92%;margin-left : 1.92%;}}<\/style><\/div><style type=\"text\/css\">.fusion-body .fusion-flex-container.fusion-builder-row-1{ padding-top : 0px;margin-top : 0px;padding-right : 0px;padding-bottom : 0px;margin-bottom : 0px;padding-left : 0px;}<\/style><\/div>\n","protected":false},"excerpt":{"rendered":"","protected":false},"author":1,"featured_media":0,"parent":0,"menu_order":0,"comment_status":"closed","ping_status":"closed","template":"100-width.php","meta":[],"_links":{"self":[{"href":"https:\/\/www.laboclinlaboratorio.com.br\/inicio\/wp-json\/wp\/v2\/pages\/54"}],"collection":[{"href":"https:\/\/www.laboclinlaboratorio.com.br\/inicio\/wp-json\/wp\/v2\/pages"}],"about":[{"href":"https:\/\/www.laboclinlaboratorio.com.br\/inicio\/wp-json\/wp\/v2\/types\/page"}],"author":[{"embeddable":true,"href":"https:\/\/www.laboclinlaboratorio.com.br\/inicio\/wp-json\/wp\/v2\/users\/1"}],"replies":[{"embeddable":true,"href":"https:\/\/www.laboclinlaboratorio.com.br\/inicio\/wp-json\/wp\/v2\/comments?post=54"}],"version-history":[{"count":4,"href":"https:\/\/www.laboclinlaboratorio.com.br\/inicio\/wp-json\/wp\/v2\/pages\/54\/revisions"}],"predecessor-version":[{"id":185,"href":"https:\/\/www.laboclinlaboratorio.com.br\/inicio\/wp-json\/wp\/v2\/pages\/54\/revisions\/185"}],"wp:attachment":[{"href":"https:\/\/www.laboclinlaboratorio.com.br\/inicio\/wp-json\/wp\/v2\/media?parent=54"}],"curies":[{"name":"wp","href":"https:\/\/api.w.org\/{rel}","templated":true}]}}