{"id":35,"date":"2020-05-20T16:31:55","date_gmt":"2020-05-20T19:31:55","guid":{"rendered":"http:\/\/labaldecypires.web76115.kinghost.net\/?page_id=35"},"modified":"2025-11-27T09:38:40","modified_gmt":"2025-11-27T12:38:40","slug":"quem-somos","status":"publish","type":"page","link":"https:\/\/www.laboclinlaboratorio.com.br\/inicio\/quem-somos\/","title":{"rendered":"QUEM SOMOS"},"content":{"rendered":"<p><div class=\"fusion-fullwidth fullwidth-box fusion-builder-row-1 fusion-flex-container nonhundred-percent-fullwidth non-hundred-percent-height-scrolling\" style=\"background-color: rgba(255,255,255,0);background-position: center center;background-repeat: no-repeat;border-width: 0px 0px 0px 0px;border-color:#e2e2e2;border-style:solid;\" ><div class=\"fusion-builder-row fusion-row fusion-flex-align-items-flex-start\" style=\"max-width:1352px;margin-left: calc(-4% \/ 2 );margin-right: calc(-4% \/ 2 );\"><div class=\"fusion-layout-column fusion_builder_column fusion-builder-column-0 fusion_builder_column_1_1 1_1 fusion-flex-column\"><div class=\"fusion-column-wrapper fusion-flex-justify-content-flex-start fusion-content-layout-column\" style=\"background-position:left top;background-repeat:no-repeat;-webkit-background-size:cover;-moz-background-size:cover;-o-background-size:cover;background-size:cover;padding: 0px 0px 0px 0px;\"><div class=\"fusion-text fusion-text-1\" style=\"transform:translate3d(0,0,0);\"><h4><strong><span style=\"color: #13b48d; font-family: Century Gothic;\">Conhe\u00e7a\u00a0<\/span><span style=\"color: #13b48d; font-family: Century Gothic;\">o Laborat\u00f3rio Laboclin<\/span><\/strong><\/h4>\n<\/div><div class=\"fusion-separator fusion-full-width-sep\" style=\"align-self: center;margin-left: auto;margin-right: auto;margin-top:20px;width:100%;\"><\/div><div class=\"fusion-text fusion-text-2\" style=\"transform:translate3d(0,0,0);\"><p>Fundado em 1987 pela Farmac\u00eautica-Bioqu\u00edmica <strong>Dr\u00aa Regina L\u00facia Almeida de Freitas<\/strong>, profissional com ampla experi\u00eancia em An\u00e1lises Cl\u00ednicas e Diagn\u00f3stico Laboratorial, o <strong>Laborat\u00f3rio Laboclin<\/strong> nasceu em Afonso Cl\u00e1udio como pioneiro na regi\u00e3o Serrana do Esp\u00edrito Santo. Desde o in\u00edcio, traz em sua ess\u00eancia o compromisso com <strong>qualidade, agilidade e precis\u00e3o<\/strong> em cada exame realizado.<\/p>\n<p>Ao longo desses mais de 35 anos de atua\u00e7\u00e3o, o Laboclin evoluiu continuamente, acompanhando os avan\u00e7os tecnol\u00f3gicos e as demandas da sa\u00fade moderna. Em 2016, iniciou-se um novo ciclo com uma gest\u00e3o inovadora, que promoveu a reformula\u00e7\u00e3o da marca, a moderniza\u00e7\u00e3o da estrutura f\u00edsica e a incorpora\u00e7\u00e3o de equipamentos de \u00faltima gera\u00e7\u00e3o, sem abrir m\u00e3o da tradi\u00e7\u00e3o, do cuidado e da expertise da sua fundadora.<\/p>\n<p>Essa uni\u00e3o entre <strong>experi\u00eancia, inova\u00e7\u00e3o e tecnologia<\/strong> fortaleceu ainda mais o compromisso do Laboclin com a excel\u00eancia em diagn\u00f3stico laboratorial e com o atendimento humanizado aos seus pacientes.<\/p>\n<p>Hoje, o Laborat\u00f3rio Laboclin est\u00e1 presente em oito unidades distribu\u00eddas pela regi\u00e3o Sul Serrana do ES:<\/p>\n<ul>\n<li><strong>Afonso Cl\u00e1udio<\/strong><\/li>\n<li><strong>Venda Nova do Imigrante<\/strong><\/li>\n<li><strong>Pedra Azul<\/strong><\/li>\n<li><strong>S\u00e3o Jo\u00e3o do Garraf\u00e3o<\/strong><\/li>\n<li><strong>Rio Possmoser<\/strong><\/li>\n<li><strong>Serra Pelada<\/strong><\/li>\n<li><strong>Vila Pont\u00f5es<\/strong><\/li>\n<li><strong>Santa Maria de Jetib\u00e1<\/strong><\/li>\n<\/ul>\n<p>Todas as unidades seguem rigorosamente o mesmo padr\u00e3o de qualidade, assegurando resultados confi\u00e1veis e atendimento de excel\u00eancia.<br \/>Com mais de tr\u00eas d\u00e9cadas de hist\u00f3ria e um portf\u00f3lio com <strong>mais de 3.000 exames laboratoriais<\/strong>, o Laboclin consolidou-se como refer\u00eancia regional em diagn\u00f3stico, contando com uma <strong>equipe altamente qualificada<\/strong> e constantemente\u00a0atualizada.<\/p>\n<\/div><\/div><\/div><style type=\"text\/css\">.fusion-body .fusion-builder-column-0{width:100% !important;margin-top : 0px;margin-bottom : 20px;}.fusion-builder-column-0 > .fusion-column-wrapper {padding-top : 0px !important;padding-right : 0px !important;margin-right : 1.92%;padding-bottom : 0px !important;padding-left : 0px !important;margin-left : 1.92%;}@media only screen and (max-width:1024px) {.fusion-body .fusion-builder-column-0{width:100% !important;order : 0;}.fusion-builder-column-0 > .fusion-column-wrapper {margin-right : 1.92%;margin-left : 1.92%;}}@media only screen and (max-width:640px) {.fusion-body .fusion-builder-column-0{width:100% !important;order : 0;}.fusion-builder-column-0 > .fusion-column-wrapper {margin-right : 1.92%;margin-left : 1.92%;}}<\/style><\/div><style type=\"text\/css\">.fusion-body .fusion-flex-container.fusion-builder-row-1{ padding-top : 0px;margin-top : 0px;padding-right : 0px;padding-bottom : 0px;margin-bottom : 0px;padding-left : 0px;}<\/style><\/div><div class=\"fusion-fullwidth fullwidth-box fusion-builder-row-2 fusion-flex-container nonhundred-percent-fullwidth non-hundred-percent-height-scrolling\" style=\"background-color: rgba(255,255,255,0);background-position: center center;background-repeat: no-repeat;border-width: 0px 0px 0px 0px;border-color:#e2e2e2;border-style:solid;\" ><div class=\"fusion-builder-row fusion-row fusion-flex-align-items-flex-start\" style=\"max-width:1352px;margin-left: calc(-4% \/ 2 );margin-right: calc(-4% \/ 2 );\"><div class=\"fusion-layout-column fusion_builder_column fusion-builder-column-1 fusion_builder_column_1_2 1_2 fusion-flex-column\"><div class=\"fusion-column-wrapper fusion-flex-justify-content-flex-start fusion-content-layout-column\" style=\"background-position:left top;background-repeat:no-repeat;-webkit-background-size:cover;-moz-background-size:cover;-o-background-size:cover;background-size:cover;padding: 0px 0px 0px 0px;\"><div class=\"fusion-text fusion-text-3\" style=\"transform:translate3d(0,0,0);\"><h5>Laborat\u00f3rios de Apoio parceiros:<\/h5>\n<p><a href=\"http:\/\/www.diagnosticosdobrasil.com.br\" target=\"_blank\" rel=\"noopener noreferrer\"><img class=\"alignnone wp-image-216\" src=\"http:\/\/laboclinlaboratorio.com.brwp-content\/uploads\/2020\/08\/db_diag_png-1-300x126.png\" alt=\"\" width=\"200\" height=\"84\" srcset=\"https:\/\/www.laboclinlaboratorio.com.br\/wp-content\/uploads\/2020\/08\/db_diag_png-1-200x84.png 200w, https:\/\/www.laboclinlaboratorio.com.br\/wp-content\/uploads\/2020\/08\/db_diag_png-1-300x126.png 300w, https:\/\/www.laboclinlaboratorio.com.br\/wp-content\/uploads\/2020\/08\/db_diag_png-1-400x168.png 400w, https:\/\/www.laboclinlaboratorio.com.br\/wp-content\/uploads\/2020\/08\/db_diag_png-1-600x252.png 600w, https:\/\/www.laboclinlaboratorio.com.br\/wp-content\/uploads\/2020\/08\/db_diag_png-1-700x298.png 700w, https:\/\/www.laboclinlaboratorio.com.br\/wp-content\/uploads\/2020\/08\/db_diag_png-1.png 709w\" sizes=\"(max-width: 200px) 100vw, 200px\" \/><\/a> <a href=\"https:\/\/www.hermespardini.com.br\/\" target=\"_blank\" rel=\"noopener noreferrer\"><img class=\"alignnone wp-image-217\" src=\"http:\/\/laboclinlaboratorio.com.brwp-content\/uploads\/2020\/08\/hermes-pardini-300x165.png\" alt=\"\" width=\"168\" height=\"92\" srcset=\"https:\/\/www.laboclinlaboratorio.com.br\/wp-content\/uploads\/2020\/08\/hermes-pardini-200x110.png 200w, https:\/\/www.laboclinlaboratorio.com.br\/wp-content\/uploads\/2020\/08\/hermes-pardini-300x165.png 300w, https:\/\/www.laboclinlaboratorio.com.br\/wp-content\/uploads\/2020\/08\/hermes-pardini-400x220.png 400w, https:\/\/www.laboclinlaboratorio.com.br\/wp-content\/uploads\/2020\/08\/hermes-pardini-600x330.png 600w, https:\/\/www.laboclinlaboratorio.com.br\/wp-content\/uploads\/2020\/08\/hermes-pardini-768x422.png 768w, https:\/\/www.laboclinlaboratorio.com.br\/wp-content\/uploads\/2020\/08\/hermes-pardini-800x440.png 800w, https:\/\/www.laboclinlaboratorio.com.br\/wp-content\/uploads\/2020\/08\/hermes-pardini.png 813w\" sizes=\"(max-width: 168px) 100vw, 168px\" \/><\/a><\/p>\n<\/div><\/div><\/div><style type=\"text\/css\">.fusion-body .fusion-builder-column-1{width:50% !important;margin-top : 0px;margin-bottom : 20px;}.fusion-builder-column-1 > .fusion-column-wrapper {padding-top : 0px !important;padding-right : 0px !important;margin-right : 3.84%;padding-bottom : 0px !important;padding-left : 0px !important;margin-left : 3.84%;}@media only screen and (max-width:1024px) {.fusion-body .fusion-builder-column-1{width:50% !important;order : 0;}.fusion-builder-column-1 > .fusion-column-wrapper {margin-right : 3.84%;margin-left : 3.84%;}}@media only screen and (max-width:640px) {.fusion-body .fusion-builder-column-1{width:100% !important;order : 0;}.fusion-builder-column-1 > .fusion-column-wrapper {margin-right : 1.92%;margin-left : 1.92%;}}<\/style><div class=\"fusion-layout-column fusion_builder_column fusion-builder-column-2 fusion_builder_column_1_2 1_2 fusion-flex-column\"><div class=\"fusion-column-wrapper fusion-flex-justify-content-flex-start fusion-content-layout-column\" style=\"background-position:left top;background-repeat:no-repeat;-webkit-background-size:cover;-moz-background-size:cover;-o-background-size:cover;background-size:cover;padding: 0px 0px 0px 0px;\"><div class=\"fusion-text fusion-text-4\" style=\"transform:translate3d(0,0,0);\"><h5>Laboratorio Participante do PNCQ<br \/>\n(Programa Nacional de Controle de Qualidade)<\/h5>\n<div class=\"fusion-separator fusion-full-width-sep\" style=\"align-self: center;margin-left: auto;margin-right: auto;margin-top:10px;width:100%;\"><\/div>\n<p><img class=\"alignnone wp-image-219 size-fusion-200\" src=\"http:\/\/laboclinlaboratorio.com.brwp-content\/uploads\/2020\/08\/logo-principal-200x76.png\" alt=\"\" width=\"200\" height=\"76\" srcset=\"https:\/\/www.laboclinlaboratorio.com.br\/wp-content\/uploads\/2020\/08\/logo-principal-200x76.png 200w, https:\/\/www.laboclinlaboratorio.com.br\/wp-content\/uploads\/2020\/08\/logo-principal-300x114.png 300w, https:\/\/www.laboclinlaboratorio.com.br\/wp-content\/uploads\/2020\/08\/logo-principal-400x153.png 400w, https:\/\/www.laboclinlaboratorio.com.br\/wp-content\/uploads\/2020\/08\/logo-principal-600x229.png 600w, https:\/\/www.laboclinlaboratorio.com.br\/wp-content\/uploads\/2020\/08\/logo-principal-768x293.png 768w, https:\/\/www.laboclinlaboratorio.com.br\/wp-content\/uploads\/2020\/08\/logo-principal.png 800w\" sizes=\"(max-width: 200px) 100vw, 200px\" \/><\/p>\n<\/div><\/div><\/div><style type=\"text\/css\">.fusion-body .fusion-builder-column-2{width:50% !important;margin-top : 0px;margin-bottom : 20px;}.fusion-builder-column-2 > .fusion-column-wrapper {padding-top : 0px !important;padding-right : 0px !important;margin-right : 3.84%;padding-bottom : 0px !important;padding-left : 0px !important;margin-left : 3.84%;}@media only screen and (max-width:1024px) {.fusion-body .fusion-builder-column-2{width:50% !important;order : 0;}.fusion-builder-column-2 > .fusion-column-wrapper {margin-right : 3.84%;margin-left : 3.84%;}}@media only screen and (max-width:640px) {.fusion-body .fusion-builder-column-2{width:100% !important;order : 0;}.fusion-builder-column-2 > .fusion-column-wrapper {margin-right : 1.92%;margin-left : 1.92%;}}<\/style><\/div><style type=\"text\/css\">.fusion-body .fusion-flex-container.fusion-builder-row-2{ padding-top : 0px;margin-top : 0px;padding-right : 0px;padding-bottom : 0px;margin-bottom : 0px;padding-left : 0px;}<\/style><\/div><\/p>\n","protected":false},"excerpt":{"rendered":"","protected":false},"author":1,"featured_media":0,"parent":0,"menu_order":0,"comment_status":"closed","ping_status":"closed","template":"100-width.php","meta":[],"_links":{"self":[{"href":"https:\/\/www.laboclinlaboratorio.com.br\/inicio\/wp-json\/wp\/v2\/pages\/35"}],"collection":[{"href":"https:\/\/www.laboclinlaboratorio.com.br\/inicio\/wp-json\/wp\/v2\/pages"}],"about":[{"href":"https:\/\/www.laboclinlaboratorio.com.br\/inicio\/wp-json\/wp\/v2\/types\/page"}],"author":[{"embeddable":true,"href":"https:\/\/www.laboclinlaboratorio.com.br\/inicio\/wp-json\/wp\/v2\/users\/1"}],"replies":[{"embeddable":true,"href":"https:\/\/www.laboclinlaboratorio.com.br\/inicio\/wp-json\/wp\/v2\/comments?post=35"}],"version-history":[{"count":16,"href":"https:\/\/www.laboclinlaboratorio.com.br\/inicio\/wp-json\/wp\/v2\/pages\/35\/revisions"}],"predecessor-version":[{"id":295,"href":"https:\/\/www.laboclinlaboratorio.com.br\/inicio\/wp-json\/wp\/v2\/pages\/35\/revisions\/295"}],"wp:attachment":[{"href":"https:\/\/www.laboclinlaboratorio.com.br\/inicio\/wp-json\/wp\/v2\/media?parent=35"}],"curies":[{"name":"wp","href":"https:\/\/api.w.org\/{rel}","templated":true}]}}