{"id":118,"date":"2020-07-10T16:39:00","date_gmt":"2020-07-10T19:39:00","guid":{"rendered":"http:\/\/labaldecypires.web76115.kinghost.net\/?page_id=103"},"modified":"2025-11-28T21:39:53","modified_gmt":"2025-11-29T00:39:53","slug":"unidades","status":"publish","type":"page","link":"https:\/\/www.laboclinlaboratorio.com.br\/inicio\/unidades\/","title":{"rendered":"UNIDADES"},"content":{"rendered":"<div class=\"fusion-fullwidth fullwidth-box fusion-builder-row-1 fusion-flex-container nonhundred-percent-fullwidth non-hundred-percent-height-scrolling\" style=\"background-color: rgba(255,255,255,0);background-position: center center;background-repeat: no-repeat;border-width: 0px 0px 0px 0px;border-color:#e2e2e2;border-style:solid;\" ><div class=\"fusion-builder-row fusion-row fusion-flex-align-items-flex-start\" style=\"max-width:1352px;margin-left: calc(-4% \/ 2 );margin-right: calc(-4% \/ 2 );\"><div class=\"fusion-layout-column fusion_builder_column fusion-builder-column-0 fusion_builder_column_1_1 1_1 fusion-flex-column\"><div class=\"fusion-column-wrapper fusion-flex-justify-content-flex-start fusion-content-layout-column\" style=\"background-position:left top;background-repeat:no-repeat;-webkit-background-size:cover;-moz-background-size:cover;-o-background-size:cover;background-size:cover;padding: 0px 0px 0px 0px;\"><div class=\"fusion-text fusion-text-1\" style=\"transform:translate3d(0,0,0);\"><h4 style=\"text-align: center;\"><strong>Confira nossas Unidades:<\/strong><\/h4>\n<\/div><div class=\"fusion-separator fusion-full-width-sep\" style=\"align-self: center;margin-left: auto;margin-right: auto;margin-top:20px;width:100%;\"><\/div><\/div><\/div><style type=\"text\/css\">.fusion-body .fusion-builder-column-0{width:100% !important;margin-top : 0px;margin-bottom : 20px;}.fusion-builder-column-0 > .fusion-column-wrapper {padding-top : 0px !important;padding-right : 0px !important;margin-right : 1.92%;padding-bottom : 0px !important;padding-left : 0px !important;margin-left : 1.92%;}@media only screen and (max-width:1024px) {.fusion-body .fusion-builder-column-0{width:100% !important;}.fusion-builder-column-0 > .fusion-column-wrapper {margin-right : 1.92%;margin-left : 1.92%;}}@media only screen and (max-width:640px) {.fusion-body .fusion-builder-column-0{width:100% !important;}.fusion-builder-column-0 > .fusion-column-wrapper {margin-right : 1.92%;margin-left : 1.92%;}}<\/style><div class=\"fusion-layout-column fusion_builder_column fusion-builder-column-1 fusion_builder_column_1_3 1_3 fusion-flex-column\"><div class=\"fusion-column-wrapper fusion-flex-justify-content-flex-start fusion-content-layout-column\" style=\"background-position:left top;background-repeat:no-repeat;-webkit-background-size:cover;-moz-background-size:cover;-o-background-size:cover;background-size:cover;padding: 0px 0px 0px 0px;\"><style type=\"text\/css\">#accordion-118-1 .fusion-panel:hover, #accordion-118-1 .fusion-panel.hover{ background-color: #ffffff } #accordion-118-1 .fusion-panel { border-color:#00b68d; border-width:1px; background-color:#ffffff; }.fusion-accordian  #accordion-118-1 .panel-title a .fa-fusion-box{ color: #ffffff;}.fusion-accordian  #accordion-118-1 .panel-title a .fa-fusion-box:before{ font-size: 10px; width: 10px;}.fusion-accordian  #accordion-118-1 .panel-title a{font-size:18px;}.fusion-accordian  #accordion-118-1 .fa-fusion-box { background-color: #00b68d;border-color: #00b68d;}.fusion-accordian  #accordion-118-1 .panel-title a:hover, #accordion-118-1 .fusion-toggle-boxed-mode:hover .panel-title a { color: #00b68d;}.fusion-accordian  #accordion-118-1 .panel-title .active .fa-fusion-box,.fusion-accordian  #accordion-118-1 .panel-title a:hover .fa-fusion-box { background-color: #00b68d!important;border-color: #00b68d!important;}<\/style><div class=\"accordian fusion-accordian\"><div class=\"panel-group\" id=\"accordion-118-1\" role=\"tablist\"><div class=\"fusion-panel panel-default fusion-toggle-no-divider fusion-toggle-boxed-mode\" role=\"tabpanel\"><div class=\"panel-heading\"><h4 class=\"panel-title toggle\"><a aria-expanded=\"false\" aria-selected=\"false\" aria-controls=\"0ce6202b33b250989\" role=\"tab\" data-toggle=\"collapse\" data-parent=\"#accordion-118-1\" data-target=\"#0ce6202b33b250989\" href=\"#0ce6202b33b250989\"><span class=\"fusion-toggle-icon-wrapper\" aria-hidden=\"true\"><i class=\"fa-fusion-box\" aria-hidden=\"true\"><\/i><\/span><span class=\"fusion-toggle-heading\">Afonso Cl\u00e1udio<\/span><\/a><\/h4><\/div><div id=\"0ce6202b33b250989\" class=\"panel-collapse collapse \"><div class=\"panel-body toggle-content fusion-clearfix\">\n<p><strong>Endere\u00e7o:<\/strong><br \/>\nRua Jos\u00e9 Giestas, 130 &#8211; Centro<br \/>\nAfonso Cl\u00e1udio-ES<\/p>\n<p><strong>Telefone:<\/strong> (27) 3735-3491<br \/>\n<strong>WhatsApp: <\/strong>(27) 99993-3491<\/p>\n<p><strong>E-mail:<\/strong><b>\u00a0<\/b><a href=\"mailto:regina_lab@hotmail.com\">laboclin.ac@gmail.com<\/a><\/p>\n<p><strong>Atendimento:<\/strong><br \/>\nSegunda \u00e0 sexta de 7:00hs \u00a0\u00e0s 17:00hs<br \/>\nS\u00e1bado: 7:00hs \u00e0s 12:00hs<\/p>\n<\/div><\/div><\/div><\/div><\/div><\/div><\/div><style type=\"text\/css\">.fusion-body .fusion-builder-column-1{width:33.3333333333% !important;margin-top : 0px;margin-bottom : 20px;}.fusion-builder-column-1 > .fusion-column-wrapper {padding-top : 0px !important;padding-right : 0px !important;margin-right : 5.76%;padding-bottom : 0px !important;padding-left : 0px !important;margin-left : 5.76%;}@media only screen and (max-width:1024px) {.fusion-body .fusion-builder-column-1{width:33.3333333333% !important;}.fusion-builder-column-1 > .fusion-column-wrapper {margin-right : 5.76%;margin-left : 5.76%;}}@media only screen and (max-width:640px) {.fusion-body .fusion-builder-column-1{width:100% !important;}.fusion-builder-column-1 > .fusion-column-wrapper {margin-right : 1.92%;margin-left : 1.92%;}}<\/style><div class=\"fusion-layout-column fusion_builder_column fusion-builder-column-2 fusion_builder_column_1_3 1_3 fusion-flex-column\"><div class=\"fusion-column-wrapper fusion-flex-justify-content-flex-start fusion-content-layout-column\" style=\"background-position:left top;background-repeat:no-repeat;-webkit-background-size:cover;-moz-background-size:cover;-o-background-size:cover;background-size:cover;padding: 0px 0px 0px 0px;\"><style type=\"text\/css\">#accordion-118-2 .fusion-panel:hover, #accordion-118-2 .fusion-panel.hover{ background-color: #ffffff } #accordion-118-2 .fusion-panel { border-color:#00b68d; border-width:1px; background-color:#ffffff; }.fusion-accordian  #accordion-118-2 .panel-title a .fa-fusion-box{ color: #ffffff;}.fusion-accordian  #accordion-118-2 .panel-title a .fa-fusion-box:before{ font-size: 10px; width: 10px;}.fusion-accordian  #accordion-118-2 .panel-title a{font-size:18px;}.fusion-accordian  #accordion-118-2 .fa-fusion-box { background-color: #00b68d;border-color: #00b68d;}.fusion-accordian  #accordion-118-2 .panel-title a:hover, #accordion-118-2 .fusion-toggle-boxed-mode:hover .panel-title a { color: #00b68d;}.fusion-accordian  #accordion-118-2 .panel-title .active .fa-fusion-box,.fusion-accordian  #accordion-118-2 .panel-title a:hover .fa-fusion-box { background-color: #00b68d!important;border-color: #00b68d!important;}<\/style><div class=\"accordian fusion-accordian\"><div class=\"panel-group\" id=\"accordion-118-2\" role=\"tablist\"><div class=\"fusion-panel panel-default fusion-toggle-no-divider fusion-toggle-boxed-mode\" role=\"tabpanel\"><div class=\"panel-heading\"><h4 class=\"panel-title toggle\"><a aria-expanded=\"false\" aria-selected=\"false\" aria-controls=\"98ffa34d3c99ef8e2\" role=\"tab\" data-toggle=\"collapse\" data-parent=\"#accordion-118-2\" data-target=\"#98ffa34d3c99ef8e2\" href=\"#98ffa34d3c99ef8e2\"><span class=\"fusion-toggle-icon-wrapper\" aria-hidden=\"true\"><i class=\"fa-fusion-box\" aria-hidden=\"true\"><\/i><\/span><span class=\"fusion-toggle-heading\">Venda Nova do Imigrante<\/span><\/a><\/h4><\/div><div id=\"98ffa34d3c99ef8e2\" class=\"panel-collapse collapse \"><div class=\"panel-body toggle-content fusion-clearfix\">\n<p><strong>Endere\u00e7o:<br \/>\n<\/strong>Av. Lorenzo Zandonadi , 261<br \/>\nVila Bet\u00e2nea<\/p>\n<p><strong>Telefone:\u00a0<\/strong>(28) 3546-3327<br \/>\n<strong>WhatsApp:<\/strong> (28) 99881-0553<\/p>\n<p><strong>E-mail:<\/strong><br \/>\nLaboclin.vni@gmail.com<\/p>\n<p><strong>Atendimento:<\/strong><br \/>\nSegunda \u00e0 sexta de 7:00hs \u00a0\u00e0s 17:00hs<\/p>\n<\/div><\/div><\/div><\/div><\/div><\/div><\/div><style type=\"text\/css\">.fusion-body .fusion-builder-column-2{width:33.3333333333% !important;margin-top : 0px;margin-bottom : 20px;}.fusion-builder-column-2 > .fusion-column-wrapper {padding-top : 0px !important;padding-right : 0px !important;margin-right : 5.76%;padding-bottom : 0px !important;padding-left : 0px !important;margin-left : 5.76%;}@media only screen and (max-width:1024px) {.fusion-body .fusion-builder-column-2{width:33.3333333333% !important;}.fusion-builder-column-2 > .fusion-column-wrapper {margin-right : 5.76%;margin-left : 5.76%;}}@media only screen and (max-width:640px) {.fusion-body .fusion-builder-column-2{width:100% !important;}.fusion-builder-column-2 > .fusion-column-wrapper {margin-right : 1.92%;margin-left : 1.92%;}}<\/style><div class=\"fusion-layout-column fusion_builder_column fusion-builder-column-3 fusion_builder_column_1_3 1_3 fusion-flex-column\"><div class=\"fusion-column-wrapper fusion-flex-justify-content-flex-start fusion-content-layout-column\" style=\"background-position:left top;background-repeat:no-repeat;-webkit-background-size:cover;-moz-background-size:cover;-o-background-size:cover;background-size:cover;padding: 0px 0px 0px 0px;\"><style type=\"text\/css\">#accordion-118-3 .fusion-panel:hover, #accordion-118-3 .fusion-panel.hover{ background-color: #ffffff } #accordion-118-3 .fusion-panel { border-color:#00b68d; border-width:1px; background-color:#ffffff; }.fusion-accordian  #accordion-118-3 .panel-title a .fa-fusion-box{ color: #ffffff;}.fusion-accordian  #accordion-118-3 .panel-title a .fa-fusion-box:before{ font-size: 10px; width: 10px;}.fusion-accordian  #accordion-118-3 .panel-title a{font-size:18px;}.fusion-accordian  #accordion-118-3 .fa-fusion-box { background-color: #00b68d;border-color: #00b68d;}.fusion-accordian  #accordion-118-3 .panel-title a:hover, #accordion-118-3 .fusion-toggle-boxed-mode:hover .panel-title a { color: #00b68d;}.fusion-accordian  #accordion-118-3 .panel-title .active .fa-fusion-box,.fusion-accordian  #accordion-118-3 .panel-title a:hover .fa-fusion-box { background-color: #00b68d!important;border-color: #00b68d!important;}<\/style><div class=\"accordian fusion-accordian\"><div class=\"panel-group\" id=\"accordion-118-3\" role=\"tablist\"><div class=\"fusion-panel panel-default fusion-toggle-no-divider fusion-toggle-boxed-mode\" role=\"tabpanel\"><div class=\"panel-heading\"><h4 class=\"panel-title toggle\"><a aria-expanded=\"false\" aria-selected=\"false\" aria-controls=\"2803636157cb05d20\" role=\"tab\" data-toggle=\"collapse\" data-parent=\"#accordion-118-3\" data-target=\"#2803636157cb05d20\" href=\"#2803636157cb05d20\"><span class=\"fusion-toggle-icon-wrapper\" aria-hidden=\"true\"><i class=\"fa-fusion-box\" aria-hidden=\"true\"><\/i><\/span><span class=\"fusion-toggle-heading\">Pedra Azul<\/span><\/a><\/h4><\/div><div id=\"2803636157cb05d20\" class=\"panel-collapse collapse \"><div class=\"panel-body toggle-content fusion-clearfix\">\n<p><strong>Endere\u00e7o:<br \/>\n<\/strong>Rua Canal, 206, Arac\u00ea Pedra Azul &#8211;<br \/>\nDomingos Martins\/ ES<\/p>\n<p><strong>Telefone:<\/strong><br \/>\n(27) 99832-3890<\/p>\n<p><strong>Atendimento:<\/strong><br \/>\nSegunda \u00e0 sexta de 7:00hs \u00a0\u00e0s 17:00hs<\/p>\n<\/div><\/div><\/div><\/div><\/div><\/div><\/div><style type=\"text\/css\">.fusion-body .fusion-builder-column-3{width:33.3333333333% !important;margin-top : 0px;margin-bottom : 20px;}.fusion-builder-column-3 > .fusion-column-wrapper {padding-top : 0px !important;padding-right : 0px !important;margin-right : 5.76%;padding-bottom : 0px !important;padding-left : 0px !important;margin-left : 5.76%;}@media only screen and (max-width:1024px) {.fusion-body .fusion-builder-column-3{width:33.3333333333% !important;}.fusion-builder-column-3 > .fusion-column-wrapper {margin-right : 5.76%;margin-left : 5.76%;}}@media only screen and (max-width:640px) {.fusion-body .fusion-builder-column-3{width:100% !important;}.fusion-builder-column-3 > .fusion-column-wrapper {margin-right : 1.92%;margin-left : 1.92%;}}<\/style><div class=\"fusion-layout-column fusion_builder_column fusion-builder-column-4 fusion_builder_column_1_3 1_3 fusion-flex-column\"><div class=\"fusion-column-wrapper fusion-flex-justify-content-flex-start fusion-content-layout-column\" style=\"background-position:left top;background-repeat:no-repeat;-webkit-background-size:cover;-moz-background-size:cover;-o-background-size:cover;background-size:cover;padding: 0px 0px 0px 0px;\"><style type=\"text\/css\">#accordion-118-4 .fusion-panel:hover, #accordion-118-4 .fusion-panel.hover{ background-color: #ffffff } #accordion-118-4 .fusion-panel { border-color:#00b68d; border-width:1px; background-color:#ffffff; }.fusion-accordian  #accordion-118-4 .panel-title a .fa-fusion-box{ color: #ffffff;}.fusion-accordian  #accordion-118-4 .panel-title a .fa-fusion-box:before{ font-size: 10px; width: 10px;}.fusion-accordian  #accordion-118-4 .panel-title a{font-size:18px;}.fusion-accordian  #accordion-118-4 .fa-fusion-box { background-color: #00b68d;border-color: #00b68d;}.fusion-accordian  #accordion-118-4 .panel-title a:hover, #accordion-118-4 .fusion-toggle-boxed-mode:hover .panel-title a { color: #00b68d;}.fusion-accordian  #accordion-118-4 .panel-title .active .fa-fusion-box,.fusion-accordian  #accordion-118-4 .panel-title a:hover .fa-fusion-box { background-color: #00b68d!important;border-color: #00b68d!important;}<\/style><div class=\"accordian fusion-accordian\"><div class=\"panel-group\" id=\"accordion-118-4\" role=\"tablist\"><div class=\"fusion-panel panel-default fusion-toggle-no-divider fusion-toggle-boxed-mode\" role=\"tabpanel\"><div class=\"panel-heading\"><h4 class=\"panel-title toggle\"><a aria-expanded=\"false\" aria-selected=\"false\" aria-controls=\"e2897ebc1a5a5dae4\" role=\"tab\" data-toggle=\"collapse\" data-parent=\"#accordion-118-4\" data-target=\"#e2897ebc1a5a5dae4\" href=\"#e2897ebc1a5a5dae4\"><span class=\"fusion-toggle-icon-wrapper\" aria-hidden=\"true\"><i class=\"fa-fusion-box\" aria-hidden=\"true\"><\/i><\/span><span class=\"fusion-toggle-heading\">S\u00e3o Jo\u00e3o do Garraf\u00e3o (Santa M\u00aa de Jetib\u00e1)<\/span><\/a><\/h4><\/div><div id=\"e2897ebc1a5a5dae4\" class=\"panel-collapse collapse \"><div class=\"panel-body toggle-content fusion-clearfix\">\n<p><strong>Endere\u00e7o:<br \/>\n<\/strong>Rua Fredolino Jacobson, 69, S\u00e3o Jo\u00e3o do Garraf\u00e3o<br \/>\n&#8211; Santa Maria de Jetib\u00e1\/ES<\/p>\n<p><strong>Telefone:<\/strong><br \/>\n(27) 99500-3491<\/p>\n<p><strong>Atendimento:<\/strong><br \/>\nSegunda \u00e0 sexta de 7:00hs \u00a0\u00e0s 16:00hs<\/p>\n<\/div><\/div><\/div><\/div><\/div><\/div><\/div><style type=\"text\/css\">.fusion-body .fusion-builder-column-4{width:33.3333333333% !important;margin-top : 0px;margin-bottom : 20px;}.fusion-builder-column-4 > .fusion-column-wrapper {padding-top : 0px !important;padding-right : 0px !important;margin-right : 5.76%;padding-bottom : 0px !important;padding-left : 0px !important;margin-left : 5.76%;}@media only screen and (max-width:1024px) {.fusion-body .fusion-builder-column-4{width:33.3333333333% !important;}.fusion-builder-column-4 > .fusion-column-wrapper {margin-right : 5.76%;margin-left : 5.76%;}}@media only screen and (max-width:640px) {.fusion-body .fusion-builder-column-4{width:100% !important;}.fusion-builder-column-4 > .fusion-column-wrapper {margin-right : 1.92%;margin-left : 1.92%;}}<\/style><div class=\"fusion-layout-column fusion_builder_column fusion-builder-column-5 fusion_builder_column_1_3 1_3 fusion-flex-column\"><div class=\"fusion-column-wrapper fusion-flex-justify-content-flex-start fusion-content-layout-column\" style=\"background-position:left top;background-repeat:no-repeat;-webkit-background-size:cover;-moz-background-size:cover;-o-background-size:cover;background-size:cover;padding: 0px 0px 0px 0px;\"><style type=\"text\/css\">#accordion-118-5 .fusion-panel:hover, #accordion-118-5 .fusion-panel.hover{ background-color: #ffffff } #accordion-118-5 .fusion-panel { border-color:#00b68d; border-width:1px; background-color:#ffffff; }.fusion-accordian  #accordion-118-5 .panel-title a .fa-fusion-box{ color: #ffffff;}.fusion-accordian  #accordion-118-5 .panel-title a .fa-fusion-box:before{ font-size: 10px; width: 10px;}.fusion-accordian  #accordion-118-5 .panel-title a{font-size:18px;}.fusion-accordian  #accordion-118-5 .fa-fusion-box { background-color: #00b68d;border-color: #00b68d;}.fusion-accordian  #accordion-118-5 .panel-title a:hover, #accordion-118-5 .fusion-toggle-boxed-mode:hover .panel-title a { color: #00b68d;}.fusion-accordian  #accordion-118-5 .panel-title .active .fa-fusion-box,.fusion-accordian  #accordion-118-5 .panel-title a:hover .fa-fusion-box { background-color: #00b68d!important;border-color: #00b68d!important;}<\/style><div class=\"accordian fusion-accordian\"><div class=\"panel-group\" id=\"accordion-118-5\" role=\"tablist\"><div class=\"fusion-panel panel-default fusion-toggle-no-divider fusion-toggle-boxed-mode\" role=\"tabpanel\"><div class=\"panel-heading\"><h4 class=\"panel-title toggle\"><a aria-expanded=\"false\" aria-selected=\"false\" aria-controls=\"79843e3e1ebf721dc\" role=\"tab\" data-toggle=\"collapse\" data-parent=\"#accordion-118-5\" data-target=\"#79843e3e1ebf721dc\" href=\"#79843e3e1ebf721dc\"><span class=\"fusion-toggle-icon-wrapper\" aria-hidden=\"true\"><i class=\"fa-fusion-box\" aria-hidden=\"true\"><\/i><\/span><span class=\"fusion-toggle-heading\">Serra Pelada (Afonso Claudio)<\/span><\/a><\/h4><\/div><div id=\"79843e3e1ebf721dc\" class=\"panel-collapse collapse \"><div class=\"panel-body toggle-content fusion-clearfix\">\n<p><strong>Endere\u00e7o:<br \/>\n<\/strong>Avenida Waldemiro Anita, 71,<br \/>\nSerra Pelada &#8211; Afonso Claudio\/ES<\/p>\n<p><strong>Telefone:<\/strong><br \/>\n(27) 99969-3491<\/p>\n<p><strong>Atendimento:<\/strong><br \/>\nSegunda \u00e0 sexta de 7:00hs \u00a0\u00e0s 11:00hs<\/p>\n<\/div><\/div><\/div><\/div><\/div><\/div><\/div><style type=\"text\/css\">.fusion-body .fusion-builder-column-5{width:33.3333333333% !important;margin-top : 0px;margin-bottom : 20px;}.fusion-builder-column-5 > .fusion-column-wrapper {padding-top : 0px !important;padding-right : 0px !important;margin-right : 5.76%;padding-bottom : 0px !important;padding-left : 0px !important;margin-left : 5.76%;}@media only screen and (max-width:1024px) {.fusion-body .fusion-builder-column-5{width:33.3333333333% !important;}.fusion-builder-column-5 > .fusion-column-wrapper {margin-right : 5.76%;margin-left : 5.76%;}}@media only screen and (max-width:640px) {.fusion-body .fusion-builder-column-5{width:100% !important;}.fusion-builder-column-5 > .fusion-column-wrapper {margin-right : 1.92%;margin-left : 1.92%;}}<\/style><div class=\"fusion-layout-column fusion_builder_column fusion-builder-column-6 fusion_builder_column_1_3 1_3 fusion-flex-column\"><div class=\"fusion-column-wrapper fusion-flex-justify-content-flex-start fusion-content-layout-column\" style=\"background-position:left top;background-repeat:no-repeat;-webkit-background-size:cover;-moz-background-size:cover;-o-background-size:cover;background-size:cover;padding: 0px 0px 0px 0px;\"><style type=\"text\/css\">#accordion-118-6 .fusion-panel:hover, #accordion-118-6 .fusion-panel.hover{ background-color: #ffffff } #accordion-118-6 .fusion-panel { border-color:#00b68d; border-width:1px; background-color:#ffffff; }.fusion-accordian  #accordion-118-6 .panel-title a .fa-fusion-box{ color: #ffffff;}.fusion-accordian  #accordion-118-6 .panel-title a .fa-fusion-box:before{ font-size: 10px; width: 10px;}.fusion-accordian  #accordion-118-6 .panel-title a{font-size:18px;}.fusion-accordian  #accordion-118-6 .fa-fusion-box { background-color: #00b68d;border-color: #00b68d;}.fusion-accordian  #accordion-118-6 .panel-title a:hover, #accordion-118-6 .fusion-toggle-boxed-mode:hover .panel-title a { color: #00b68d;}.fusion-accordian  #accordion-118-6 .panel-title .active .fa-fusion-box,.fusion-accordian  #accordion-118-6 .panel-title a:hover .fa-fusion-box { background-color: #00b68d!important;border-color: #00b68d!important;}<\/style><div class=\"accordian fusion-accordian\"><div class=\"panel-group\" id=\"accordion-118-6\" role=\"tablist\"><div class=\"fusion-panel panel-default fusion-toggle-no-divider fusion-toggle-boxed-mode\" role=\"tabpanel\"><div class=\"panel-heading\"><h4 class=\"panel-title toggle\"><a aria-expanded=\"false\" aria-selected=\"false\" aria-controls=\"70c38ffdeacc5a19d\" role=\"tab\" data-toggle=\"collapse\" data-parent=\"#accordion-118-6\" data-target=\"#70c38ffdeacc5a19d\" href=\"#70c38ffdeacc5a19d\"><span class=\"fusion-toggle-icon-wrapper\" aria-hidden=\"true\"><i class=\"fa-fusion-box\" aria-hidden=\"true\"><\/i><\/span><span class=\"fusion-toggle-heading\">Rio Possmoser (Santa Maria de Jetib\u00e1)<\/span><\/a><\/h4><\/div><div id=\"70c38ffdeacc5a19d\" class=\"panel-collapse collapse \"><div class=\"panel-body toggle-content fusion-clearfix\">\n<p><strong>Endere\u00e7o:<br \/><\/strong>Avenida Reynaldo Berger, 1048<br \/>Santa Maria de Jetib\u00e1 &#8211; ES<\/p>\n<p><strong>Telefone:<\/strong><br \/>(27) 99840-3491<\/p>\n<p><strong>Atendimento:<\/strong><br \/>Segunda \u00e0 sexta de 7:00hs \u00a0\u00e0s 11:00hs<\/p>\n<\/div><\/div><\/div><\/div><\/div><\/div><\/div><style type=\"text\/css\">.fusion-body .fusion-builder-column-6{width:33.3333333333% !important;margin-top : 0px;margin-bottom : 20px;}.fusion-builder-column-6 > .fusion-column-wrapper {padding-top : 0px !important;padding-right : 0px !important;margin-right : 5.76%;padding-bottom : 0px !important;padding-left : 0px !important;margin-left : 5.76%;}@media only screen and (max-width:1024px) {.fusion-body .fusion-builder-column-6{width:33.3333333333% !important;}.fusion-builder-column-6 > .fusion-column-wrapper {margin-right : 5.76%;margin-left : 5.76%;}}@media only screen and (max-width:640px) {.fusion-body .fusion-builder-column-6{width:100% !important;}.fusion-builder-column-6 > .fusion-column-wrapper {margin-right : 1.92%;margin-left : 1.92%;}}<\/style><div class=\"fusion-layout-column fusion_builder_column fusion-builder-column-7 fusion_builder_column_1_3 1_3 fusion-flex-column\"><div class=\"fusion-column-wrapper fusion-flex-justify-content-flex-start fusion-content-layout-column\" style=\"background-position:left top;background-repeat:no-repeat;-webkit-background-size:cover;-moz-background-size:cover;-o-background-size:cover;background-size:cover;padding: 0px 0px 0px 0px;\"><style type=\"text\/css\">#accordion-118-7 .fusion-panel:hover, #accordion-118-7 .fusion-panel.hover{ background-color: #ffffff } #accordion-118-7 .fusion-panel { border-color:#00b68d; border-width:1px; background-color:#ffffff; }.fusion-accordian  #accordion-118-7 .panel-title a .fa-fusion-box{ color: #ffffff;}.fusion-accordian  #accordion-118-7 .panel-title a .fa-fusion-box:before{ font-size: 10px; width: 10px;}.fusion-accordian  #accordion-118-7 .panel-title a{font-size:18px;}.fusion-accordian  #accordion-118-7 .fa-fusion-box { background-color: #00b68d;border-color: #00b68d;}.fusion-accordian  #accordion-118-7 .panel-title a:hover, #accordion-118-7 .fusion-toggle-boxed-mode:hover .panel-title a { color: #00b68d;}.fusion-accordian  #accordion-118-7 .panel-title .active .fa-fusion-box,.fusion-accordian  #accordion-118-7 .panel-title a:hover .fa-fusion-box { background-color: #00b68d!important;border-color: #00b68d!important;}<\/style><div class=\"accordian fusion-accordian\"><div class=\"panel-group\" id=\"accordion-118-7\" role=\"tablist\"><div class=\"fusion-panel panel-default fusion-toggle-no-divider fusion-toggle-boxed-mode\" role=\"tabpanel\"><div class=\"panel-heading\"><h4 class=\"panel-title toggle\"><a aria-expanded=\"false\" aria-selected=\"false\" aria-controls=\"a8c5d1bb427d35d6f\" role=\"tab\" data-toggle=\"collapse\" data-parent=\"#accordion-118-7\" data-target=\"#a8c5d1bb427d35d6f\" href=\"#a8c5d1bb427d35d6f\"><span class=\"fusion-toggle-icon-wrapper\" aria-hidden=\"true\"><i class=\"fa-fusion-box\" aria-hidden=\"true\"><\/i><\/span><span class=\"fusion-toggle-heading\">Vila Pont\u00f5es<\/span><\/a><\/h4><\/div><div id=\"a8c5d1bb427d35d6f\" class=\"panel-collapse collapse \"><div class=\"panel-body toggle-content fusion-clearfix\">\n<p><strong>Endere\u00e7o:<br \/><\/strong>Rua Hermenegildo de Vargas Fortes, 39<br \/>Pont\u00f5es, Afonso Cl\u00e1udio &#8211; ES<\/p>\n<p><strong>Telefone:<\/strong><br \/>(27) 99840-3491<\/p>\n<p><strong>Atendimento:<\/strong><br \/>Segunda \u00e0 sexta de 7:00hs \u00a0\u00e0s 11:00hs<\/p>\n<\/div><\/div><\/div><\/div><\/div><\/div><\/div><style type=\"text\/css\">.fusion-body .fusion-builder-column-7{width:33.3333333333% !important;margin-top : 0px;margin-bottom : 20px;}.fusion-builder-column-7 > .fusion-column-wrapper {padding-top : 0px !important;padding-right : 0px !important;margin-right : 5.76%;padding-bottom : 0px !important;padding-left : 0px !important;margin-left : 5.76%;}@media only screen and (max-width:1024px) {.fusion-body .fusion-builder-column-7{width:33.3333333333% !important;}.fusion-builder-column-7 > .fusion-column-wrapper {margin-right : 5.76%;margin-left : 5.76%;}}@media only screen and (max-width:640px) {.fusion-body .fusion-builder-column-7{width:100% !important;}.fusion-builder-column-7 > .fusion-column-wrapper {margin-right : 1.92%;margin-left : 1.92%;}}<\/style><\/div><style type=\"text\/css\">.fusion-body .fusion-flex-container.fusion-builder-row-1{ padding-top : 0px;margin-top : 0px;padding-right : 0px;padding-bottom : 0px;margin-bottom : 0px;padding-left : 0px;}<\/style><\/div>\n","protected":false},"excerpt":{"rendered":"","protected":false},"author":1,"featured_media":0,"parent":0,"menu_order":0,"comment_status":"closed","ping_status":"closed","template":"100-width.php","meta":[],"_links":{"self":[{"href":"https:\/\/www.laboclinlaboratorio.com.br\/inicio\/wp-json\/wp\/v2\/pages\/118"}],"collection":[{"href":"https:\/\/www.laboclinlaboratorio.com.br\/inicio\/wp-json\/wp\/v2\/pages"}],"about":[{"href":"https:\/\/www.laboclinlaboratorio.com.br\/inicio\/wp-json\/wp\/v2\/types\/page"}],"author":[{"embeddable":true,"href":"https:\/\/www.laboclinlaboratorio.com.br\/inicio\/wp-json\/wp\/v2\/users\/1"}],"replies":[{"embeddable":true,"href":"https:\/\/www.laboclinlaboratorio.com.br\/inicio\/wp-json\/wp\/v2\/comments?post=118"}],"version-history":[{"count":11,"href":"https:\/\/www.laboclinlaboratorio.com.br\/inicio\/wp-json\/wp\/v2\/pages\/118\/revisions"}],"predecessor-version":[{"id":304,"href":"https:\/\/www.laboclinlaboratorio.com.br\/inicio\/wp-json\/wp\/v2\/pages\/118\/revisions\/304"}],"wp:attachment":[{"href":"https:\/\/www.laboclinlaboratorio.com.br\/inicio\/wp-json\/wp\/v2\/media?parent=118"}],"curies":[{"name":"wp","href":"https:\/\/api.w.org\/{rel}","templated":true}]}}